{"id":15,"date":"2026-04-10T10:54:26","date_gmt":"2026-04-10T13:54:26","guid":{"rendered":"https:\/\/fesvasconcelos.letsite.com.br\/?page_id=15"},"modified":"2026-04-11T18:37:48","modified_gmt":"2026-04-11T21:37:48","slug":"areas-de-atuacao","status":"publish","type":"page","link":"https:\/\/fesvasconcelos.letsite.com.br\/en\/areas-de-atuacao\/","title":{"rendered":"(PT) \u00c1reas de atua\u00e7\u00e3o"},"content":{"rendered":"","protected":false},"excerpt":{"rendered":"","protected":false},"author":1,"featured_media":156,"parent":0,"menu_order":0,"comment_status":"closed","ping_status":"closed","template":"page-areas.php","meta":{"_acf_changed":false,"footnotes":""},"class_list":["post-15","page","type-page","status-publish","has-post-thumbnail","hentry"],"acf":[],"_links":{"self":[{"href":"https:\/\/fesvasconcelos.letsite.com.br\/en\/wp-json\/wp\/v2\/pages\/15","targetHints":{"allow":["GET"]}}],"collection":[{"href":"https:\/\/fesvasconcelos.letsite.com.br\/en\/wp-json\/wp\/v2\/pages"}],"about":[{"href":"https:\/\/fesvasconcelos.letsite.com.br\/en\/wp-json\/wp\/v2\/types\/page"}],"author":[{"embeddable":true,"href":"https:\/\/fesvasconcelos.letsite.com.br\/en\/wp-json\/wp\/v2\/users\/1"}],"replies":[{"embeddable":true,"href":"https:\/\/fesvasconcelos.letsite.com.br\/en\/wp-json\/wp\/v2\/comments?post=15"}],"version-history":[{"count":1,"href":"https:\/\/fesvasconcelos.letsite.com.br\/en\/wp-json\/wp\/v2\/pages\/15\/revisions"}],"predecessor-version":[{"id":16,"href":"https:\/\/fesvasconcelos.letsite.com.br\/en\/wp-json\/wp\/v2\/pages\/15\/revisions\/16"}],"wp:featuredmedia":[{"embeddable":true,"href":"https:\/\/fesvasconcelos.letsite.com.br\/en\/wp-json\/wp\/v2\/media\/156"}],"wp:attachment":[{"href":"https:\/\/fesvasconcelos.letsite.com.br\/en\/wp-json\/wp\/v2\/media?parent=15"}],"curies":[{"name":"wp","href":"https:\/\/api.w.org\/{rel}","templated":true}]}}